{"id":8830,"date":"2020-04-21T12:22:04","date_gmt":"2020-04-21T15:22:04","guid":{"rendered":"https:\/\/eficienciacomex.com.br\/?page_id=8830"},"modified":"2020-10-23T16:14:26","modified_gmt":"2020-10-23T19:14:26","slug":"blog","status":"publish","type":"page","link":"https:\/\/eficienciacomex.com.br\/en\/blog\/","title":{"rendered":"Blog"},"content":{"rendered":"","protected":false},"excerpt":{"rendered":"","protected":false},"author":1,"featured_media":0,"parent":0,"menu_order":0,"comment_status":"closed","ping_status":"closed","template":"template_blog.php","meta":[],"yoast_head":"<!-- This site is optimized with the Yoast SEO plugin v15.4 - https:\/\/yoast.com\/wordpress\/plugins\/seo\/ -->\n<title>Blog - Efici\u00eancia Comex<\/title>\n<meta name=\"description\" content=\"Conte\u00fados relevantes sobre com\u00e9rcio exterior. Fique por dentro de tudo.Importa\u00e7\u00e3o, exporta\u00e7\u00e3o, transporte internacional, seguro e legisla\u00e7\u00e3o aduaneira.\" \/>\n<meta name=\"robots\" content=\"index, follow, max-snippet:-1, max-image-preview:large, max-video-preview:-1\" \/>\n<link rel=\"canonical\" href=\"https:\/\/eficienciacomex.com.br\/en\/blog\/\" \/>\n<meta name=\"twitter:label1\" content=\"Written by\">\n\t<meta name=\"twitter:data1\" content=\"stxadmin\">\n<script type=\"application\/ld+json\" class=\"yoast-schema-graph\">{\"@context\":\"https:\/\/schema.org\",\"@graph\":[{\"@type\":\"WebSite\",\"@id\":\"https:\/\/eficienciacomex.com.br\/#website\",\"url\":\"https:\/\/eficienciacomex.com.br\/\",\"name\":\"Efici\\u00eancia Comex\",\"description\":\"Assessoria em Com\\u00e9rcio Exterior\",\"potentialAction\":[{\"@type\":\"SearchAction\",\"target\":\"https:\/\/eficienciacomex.com.br\/?s={search_term_string}\",\"query-input\":\"required name=search_term_string\"}],\"inLanguage\":\"en-US\"},{\"@type\":\"WebPage\",\"@id\":\"https:\/\/eficienciacomex.com.br\/blog\/#webpage\",\"url\":\"https:\/\/eficienciacomex.com.br\/blog\/\",\"name\":\"Blog - Efici\\u00eancia Comex\",\"isPartOf\":{\"@id\":\"https:\/\/eficienciacomex.com.br\/#website\"},\"datePublished\":\"2020-04-21T15:22:04+00:00\",\"dateModified\":\"2020-10-23T19:14:26+00:00\",\"description\":\"Conte\\u00fados relevantes sobre com\\u00e9rcio exterior. Fique por dentro de tudo.Importa\\u00e7\\u00e3o, exporta\\u00e7\\u00e3o, transporte internacional, seguro e legisla\\u00e7\\u00e3o aduaneira.\",\"inLanguage\":\"en-US\",\"potentialAction\":[{\"@type\":\"ReadAction\",\"target\":[\"https:\/\/eficienciacomex.com.br\/blog\/\"]}]}]}<\/script>\n<!-- \/ Yoast SEO plugin. -->","_links":{"self":[{"href":"https:\/\/eficienciacomex.com.br\/en\/wp-json\/wp\/v2\/pages\/8830"}],"collection":[{"href":"https:\/\/eficienciacomex.com.br\/en\/wp-json\/wp\/v2\/pages"}],"about":[{"href":"https:\/\/eficienciacomex.com.br\/en\/wp-json\/wp\/v2\/types\/page"}],"author":[{"embeddable":true,"href":"https:\/\/eficienciacomex.com.br\/en\/wp-json\/wp\/v2\/users\/1"}],"replies":[{"embeddable":true,"href":"https:\/\/eficienciacomex.com.br\/en\/wp-json\/wp\/v2\/comments?post=8830"}],"version-history":[{"count":34,"href":"https:\/\/eficienciacomex.com.br\/en\/wp-json\/wp\/v2\/pages\/8830\/revisions"}],"predecessor-version":[{"id":9155,"href":"https:\/\/eficienciacomex.com.br\/en\/wp-json\/wp\/v2\/pages\/8830\/revisions\/9155"}],"wp:attachment":[{"href":"https:\/\/eficienciacomex.com.br\/en\/wp-json\/wp\/v2\/media?parent=8830"}],"curies":[{"name":"wp","href":"https:\/\/api.w.org\/{rel}","templated":true}]}}